{"id":12,"date":"2019-01-07T11:36:50","date_gmt":"2019-01-07T10:36:50","guid":{"rendered":"http:\/\/obrobna-resl.david-stary.cz\/obrobna\/www\/de\/?page_id=12"},"modified":"2026-02-02T09:03:51","modified_gmt":"2026-02-02T08:03:51","slug":"uber-uns","status":"publish","type":"page","link":"http:\/\/www.obrobna.cz\/de\/uber-uns\/","title":{"rendered":"\u00dcber uns"},"content":{"rendered":"<p>Die Gesellschaft Obrobna Resl wurde im Jahr 2001 gegr\u00fcndet und seit ihrer Entstehung spezialisieren wir uns auf die Bearbeitung und Oberfl\u00e4chenbehandlung von metallischen Abg\u00fcssen.<\/p>\n<p>Im Jahr 2009 zogen wir in eine moderne Halle in der Industriezone Liberec-Nord um. Die Mehrheit des Produktionsprogramms fokussiert auf die Gro\u00dfserienbearbeitung von Aluminium-Abg\u00fcssen und Teilen geschnitten aus gezogenen Profilen.<\/p>\n<p>Aktuell produzieren wir auf der Fl\u00e4che von 4500 m<sup>2<\/sup> mit einem Team von mehr als 100 Menschen.<\/p>\n<p>Wir verf\u00fcgen \u00fcber ein eingef\u00fchrtes und zertifiziertes Qualit\u00e4tsmanagementsystem <a href=\"http:\/\/www.obrobna.cz\/wp-content\/uploads\/2026\/02\/CERT-__EN-04-CR-46001-00-01.pdf\">IATF 16949:2016<\/a>.<\/p>\n","protected":false},"excerpt":{"rendered":"<p>Die Gesellschaft Obrobna Resl wurde im Jahr 2001 gegr\u00fcndet und seit ihrer Entstehung spezialisieren wir uns auf die Bearbeitung und &hellip;<\/p>\n","protected":false},"author":2,"featured_media":59,"parent":0,"menu_order":1,"comment_status":"closed","ping_status":"closed","template":"","meta":[],"_links":{"self":[{"href":"http:\/\/www.obrobna.cz\/de\/wp-json\/wp\/v2\/pages\/12"}],"collection":[{"href":"http:\/\/www.obrobna.cz\/de\/wp-json\/wp\/v2\/pages"}],"about":[{"href":"http:\/\/www.obrobna.cz\/de\/wp-json\/wp\/v2\/types\/page"}],"author":[{"embeddable":true,"href":"http:\/\/www.obrobna.cz\/de\/wp-json\/wp\/v2\/users\/2"}],"replies":[{"embeddable":true,"href":"http:\/\/www.obrobna.cz\/de\/wp-json\/wp\/v2\/comments?post=12"}],"version-history":[{"count":6,"href":"http:\/\/www.obrobna.cz\/de\/wp-json\/wp\/v2\/pages\/12\/revisions"}],"predecessor-version":[{"id":82,"href":"http:\/\/www.obrobna.cz\/de\/wp-json\/wp\/v2\/pages\/12\/revisions\/82"}],"wp:featuredmedia":[{"embeddable":true,"href":"http:\/\/www.obrobna.cz\/de\/wp-json\/wp\/v2\/media\/59"}],"wp:attachment":[{"href":"http:\/\/www.obrobna.cz\/de\/wp-json\/wp\/v2\/media?parent=12"}],"curies":[{"name":"wp","href":"https:\/\/api.w.org\/{rel}","templated":true}]}}