{"id":15,"date":"2019-01-07T11:54:05","date_gmt":"2019-01-07T10:54:05","guid":{"rendered":"http:\/\/obrobna-resl.david-stary.cz\/obrobna\/www\/de\/?page_id=15"},"modified":"2025-10-22T15:08:43","modified_gmt":"2025-10-22T13:08:43","slug":"cnc-bearbeitung","status":"publish","type":"page","link":"http:\/\/www.obrobna.cz\/de\/cnc-bearbeitung\/","title":{"rendered":"CNC-BEARBEITUNG"},"content":{"rendered":"<p>Wir verf\u00fcgen \u00fcber 24 CNS Maschinen von renommierten Firmen wie SW, Chiron, Brother und weitere.<\/p>\n<p>Wir konstruieren und fertigen unsere eigenen Bearbeitungs- und Messvorrichtungen. Wir verwenden Solid Edge CAD-Software.<\/p>\n<p>Aktuell verf\u00fcgen wir \u00fcber 6 robotisierte Arbeitspl\u00e4tze und wir planen weitere.<\/p>\n<p>Wir bearbeiten Aluminium-Teile und Abg\u00fcsse auf der Grundlage der Dokumentation \u00fcbergeben vom Kunden. In den meisten F\u00e4llen beginnt die Herstellung mit dem Schneiden der Aluminium-Profile, die wir nachfolgend bearbeiten und deren Oberfl\u00e4che wir veredeln.<\/p>\n<p>Im Gesamten produziert unsere Gesellschaft j\u00e4hrlich 7,5 Millionen St\u00fcck einzelner Maschinenkomponenten mit 100 unterschiedlichen Positionen.<\/p>\n<p>&nbsp;<\/p>\n","protected":false},"excerpt":{"rendered":"<p>Wir verf\u00fcgen \u00fcber 24 CNS Maschinen von renommierten Firmen wie SW, Chiron, Brother und weitere. Wir konstruieren und fertigen unsere &hellip;<\/p>\n","protected":false},"author":2,"featured_media":17,"parent":0,"menu_order":2,"comment_status":"closed","ping_status":"closed","template":"","meta":[],"_links":{"self":[{"href":"http:\/\/www.obrobna.cz\/de\/wp-json\/wp\/v2\/pages\/15"}],"collection":[{"href":"http:\/\/www.obrobna.cz\/de\/wp-json\/wp\/v2\/pages"}],"about":[{"href":"http:\/\/www.obrobna.cz\/de\/wp-json\/wp\/v2\/types\/page"}],"author":[{"embeddable":true,"href":"http:\/\/www.obrobna.cz\/de\/wp-json\/wp\/v2\/users\/2"}],"replies":[{"embeddable":true,"href":"http:\/\/www.obrobna.cz\/de\/wp-json\/wp\/v2\/comments?post=15"}],"version-history":[{"count":3,"href":"http:\/\/www.obrobna.cz\/de\/wp-json\/wp\/v2\/pages\/15\/revisions"}],"predecessor-version":[{"id":81,"href":"http:\/\/www.obrobna.cz\/de\/wp-json\/wp\/v2\/pages\/15\/revisions\/81"}],"wp:featuredmedia":[{"embeddable":true,"href":"http:\/\/www.obrobna.cz\/de\/wp-json\/wp\/v2\/media\/17"}],"wp:attachment":[{"href":"http:\/\/www.obrobna.cz\/de\/wp-json\/wp\/v2\/media?parent=15"}],"curies":[{"name":"wp","href":"https:\/\/api.w.org\/{rel}","templated":true}]}}