{"id":21,"date":"2019-01-08T08:03:47","date_gmt":"2019-01-08T07:03:47","guid":{"rendered":"http:\/\/obrobna-resl.david-stary.cz\/obrobna\/www\/de\/?page_id=21"},"modified":"2019-01-08T08:03:47","modified_gmt":"2019-01-08T07:03:47","slug":"oberflachenvorbereitung","status":"publish","type":"page","link":"http:\/\/www.obrobna.cz\/de\/oberflachenvorbereitung\/","title":{"rendered":"OBERFL\u00c4CHENVORBEREITUNG"},"content":{"rendered":"<p>Das Scheuern von Abg\u00fcssen oder Werkst\u00fccken in einer Vibrationstrommel gef\u00fcllt mit keramischen oder Kunststoff-Abrasivmitteln f\u00fcr die Dauer von f\u00fcnf Minuten bis zu Stundeneinheiten.<\/p>\n<p>Die Anwendung wird insbesondere vor der finalen Oberfl\u00e4chenbehandlung (Metallisieren, Lackieren, Auftragen von PVC Verbindungen, Kugelpolieren, Polieren) empfohlen, da sie die Oberfl\u00e4che in der Form stabilisiert, die H\u00e4rte erh\u00f6ht, perfekt entfettet, von Verunreinigungen, Sp\u00e4nen u. \u00c4. befreit und scharfe Kanten auf ungef\u00e4hr R 0,3 rundet.<\/p>\n<p>Die Technologie ist insbesondere geeignet f\u00fcr Aluminium- und Stahlabg\u00fcsse \/ -werkst\u00fccke bis zum Gewicht von 3 kg\/Stk. und bis zu maximalen Abmessungen von ungef\u00e4hr 400 x 300 x 300 mm. F\u00fcr jeden Teil wird die Form der Scheuerk\u00f6rper, die Zusammensetzung der Veredelungsfl\u00fcssigkeit, die Dauer und auch die Intensit\u00e4t des Scheuerns so ausgew\u00e4hlt, damit man optimale Parameter erreicht.<\/p>\n<p>Diese Technologie betreiben wir auf einer modernen Linie der Firma R\u00d6SLER mit einem integrierten Trockner und einer Scheuertrommel mit dem Volumen von 620 Litern.<\/p>\n","protected":false},"excerpt":{"rendered":"<p>Das Scheuern von Abg\u00fcssen oder Werkst\u00fccken in einer Vibrationstrommel gef\u00fcllt mit keramischen oder Kunststoff-Abrasivmitteln f\u00fcr die Dauer von f\u00fcnf Minuten &hellip;<\/p>\n","protected":false},"author":2,"featured_media":22,"parent":0,"menu_order":3,"comment_status":"closed","ping_status":"closed","template":"","meta":[],"_links":{"self":[{"href":"http:\/\/www.obrobna.cz\/de\/wp-json\/wp\/v2\/pages\/21"}],"collection":[{"href":"http:\/\/www.obrobna.cz\/de\/wp-json\/wp\/v2\/pages"}],"about":[{"href":"http:\/\/www.obrobna.cz\/de\/wp-json\/wp\/v2\/types\/page"}],"author":[{"embeddable":true,"href":"http:\/\/www.obrobna.cz\/de\/wp-json\/wp\/v2\/users\/2"}],"replies":[{"embeddable":true,"href":"http:\/\/www.obrobna.cz\/de\/wp-json\/wp\/v2\/comments?post=21"}],"version-history":[{"count":0,"href":"http:\/\/www.obrobna.cz\/de\/wp-json\/wp\/v2\/pages\/21\/revisions"}],"wp:featuredmedia":[{"embeddable":true,"href":"http:\/\/www.obrobna.cz\/de\/wp-json\/wp\/v2\/media\/22"}],"wp:attachment":[{"href":"http:\/\/www.obrobna.cz\/de\/wp-json\/wp\/v2\/media?parent=21"}],"curies":[{"name":"wp","href":"https:\/\/api.w.org\/{rel}","templated":true}]}}