{"id":44,"date":"2019-01-08T08:51:52","date_gmt":"2019-01-08T07:51:52","guid":{"rendered":"http:\/\/obrobna-resl.david-stary.cz\/obrobna\/www\/de\/?page_id=44"},"modified":"2019-01-16T19:22:30","modified_gmt":"2019-01-16T18:22:30","slug":"kontakt","status":"publish","type":"page","link":"http:\/\/www.obrobna.cz\/de\/kontakt\/","title":{"rendered":"KONTAKT"},"content":{"rendered":"<p><strong>Obrobna Resl s.r.o.<\/strong><br \/>\nObchodn\u00ed 618<br \/>\n460 01 Liberec 11<\/p>\n<p>Tel.: +420 485 246 651<br \/>\nFax: +420 485 246 650<br \/>\nE-mail: info@obrobna.cz<br \/>\nDie Gesellschaft verwendet E-Mail-Adressen in der Form: vorname.nachname@obrobna.cz<\/p>\n<p>I\u010c: 25432591<br \/>\nDI\u010c: CZ25432591<br \/>\nDie Gesellschaft ist im Handelsregister gef\u00fchrt vom Registergericht in \u00dast\u00ed nad Laben, Abteilung C, Einlage 18084 eingetragen.<\/p>\n","protected":false},"excerpt":{"rendered":"<p>Obrobna Resl s.r.o. Obchodn\u00ed 618 460 01 Liberec 11 Tel.: +420 485 246 651 Fax: +420 485 246 650 E-mail: &hellip;<\/p>\n","protected":false},"author":2,"featured_media":59,"parent":0,"menu_order":8,"comment_status":"closed","ping_status":"closed","template":"","meta":[],"_links":{"self":[{"href":"http:\/\/www.obrobna.cz\/de\/wp-json\/wp\/v2\/pages\/44"}],"collection":[{"href":"http:\/\/www.obrobna.cz\/de\/wp-json\/wp\/v2\/pages"}],"about":[{"href":"http:\/\/www.obrobna.cz\/de\/wp-json\/wp\/v2\/types\/page"}],"author":[{"embeddable":true,"href":"http:\/\/www.obrobna.cz\/de\/wp-json\/wp\/v2\/users\/2"}],"replies":[{"embeddable":true,"href":"http:\/\/www.obrobna.cz\/de\/wp-json\/wp\/v2\/comments?post=44"}],"version-history":[{"count":1,"href":"http:\/\/www.obrobna.cz\/de\/wp-json\/wp\/v2\/pages\/44\/revisions"}],"predecessor-version":[{"id":61,"href":"http:\/\/www.obrobna.cz\/de\/wp-json\/wp\/v2\/pages\/44\/revisions\/61"}],"wp:featuredmedia":[{"embeddable":true,"href":"http:\/\/www.obrobna.cz\/de\/wp-json\/wp\/v2\/media\/59"}],"wp:attachment":[{"href":"http:\/\/www.obrobna.cz\/de\/wp-json\/wp\/v2\/media?parent=44"}],"curies":[{"name":"wp","href":"https:\/\/api.w.org\/{rel}","templated":true}]}}