{"id":35,"date":"2019-01-08T08:37:46","date_gmt":"2019-01-08T07:37:46","guid":{"rendered":"http:\/\/obrobna-resl.david-stary.cz\/obrobna\/www\/en\/?page_id=35"},"modified":"2019-12-06T09:29:56","modified_gmt":"2019-12-06T08:29:56","slug":"references","status":"publish","type":"page","link":"http:\/\/www.obrobna.cz\/en\/references\/","title":{"rendered":"REFERENCES"},"content":{"rendered":"<p>ABB s.r.o.<br \/>\nALEC Precision Technology a.s.<br \/>\nBENE\u0160 a L\u00c1T a.s.<br \/>\nBenteler Aluminium Systems Wackersdorf<br \/>\nBenteler \u010cR, s.r.o.<br \/>\nBOHEMIA Production, s.r.o.<br \/>\nContinental Automotive Czech Republic s.r.o.<br \/>\nConstellium<br \/>\nDGS Druckguss Systeme s.r.o.<br \/>\nDometic Umformtechnik GmbH<br \/>\nErnst Br\u00f6er, spol.s r.o.<br \/>\nFi.Bi.Li. s.r.o<br \/>\nGEA LVZ, a.s.<br \/>\nG\u00dcNTER MECKELBURGNachf. GmbH<br \/>\nHydro Aluminium Prague s.r.o<br \/>\nCHPS s.r.o.<br \/>\nIMI International s.r.o.<br \/>\nIngersoll-Rand CZ s.r.o.<br \/>\nJCT Engineering s.r.o.<br \/>\nKARSIT HOLDING, s.r.o.<br \/>\nKlimakostelec s.r.o.<br \/>\nKNORR &#8211; BREMSE Syst\u00e9my pro u\u017eitkov\u00e1 vozidla,CR<br \/>\nKSM Castings CZ a.s.<br \/>\nLINDE + WIEMANN CZ, s.r.o.<br \/>\nLINDE + WIEMANN Stanztechnik GmbH<br \/>\nMILOS structural systems s.r.o.<br \/>\nMonroe Czechia s.r.o.<br \/>\nMSV SYSTEMS CZ s.r.o.<br \/>\nPEKM Kabeltechnik s.r.o.<br \/>\nPMP PAL International s.r.o.<br \/>\nSATREMA Int., a.s.<br \/>\nSl\u00e9v\u00e1rna hlin\u00edku s.r.o.<br \/>\nTRUMPF Liberec, spol. s r.o.<br \/>\nVIPA CZ s.r.o<br \/>\nV\u00daTS, a.s.<br \/>\nVZDUCHOTECHNIK, s.r.o.<br \/>\nWFS CZ s.r.o<br \/>\nYOKOTA EUROPA B.V.<\/p>\n","protected":false},"excerpt":{"rendered":"<p>ABB s.r.o. ALEC Precision Technology a.s. BENE\u0160 a L\u00c1T a.s. Benteler Aluminium Systems Wackersdorf Benteler \u010cR, s.r.o. BOHEMIA Production, s.r.o. &hellip;<\/p>\n","protected":false},"author":2,"featured_media":36,"parent":0,"menu_order":6,"comment_status":"closed","ping_status":"closed","template":"","meta":[],"_links":{"self":[{"href":"http:\/\/www.obrobna.cz\/en\/wp-json\/wp\/v2\/pages\/35"}],"collection":[{"href":"http:\/\/www.obrobna.cz\/en\/wp-json\/wp\/v2\/pages"}],"about":[{"href":"http:\/\/www.obrobna.cz\/en\/wp-json\/wp\/v2\/types\/page"}],"author":[{"embeddable":true,"href":"http:\/\/www.obrobna.cz\/en\/wp-json\/wp\/v2\/users\/2"}],"replies":[{"embeddable":true,"href":"http:\/\/www.obrobna.cz\/en\/wp-json\/wp\/v2\/comments?post=35"}],"version-history":[{"count":1,"href":"http:\/\/www.obrobna.cz\/en\/wp-json\/wp\/v2\/pages\/35\/revisions"}],"predecessor-version":[{"id":68,"href":"http:\/\/www.obrobna.cz\/en\/wp-json\/wp\/v2\/pages\/35\/revisions\/68"}],"wp:featuredmedia":[{"embeddable":true,"href":"http:\/\/www.obrobna.cz\/en\/wp-json\/wp\/v2\/media\/36"}],"wp:attachment":[{"href":"http:\/\/www.obrobna.cz\/en\/wp-json\/wp\/v2\/media?parent=35"}],"curies":[{"name":"wp","href":"https:\/\/api.w.org\/{rel}","templated":true}]}}